{"id":15,"date":"2024-02-07T19:29:27","date_gmt":"2024-02-07T19:29:27","guid":{"rendered":"https:\/\/dm69716.domenomania.eu\/?page_id=15"},"modified":"2026-03-24T18:48:00","modified_gmt":"2026-03-24T18:48:00","slug":"kontakt","status":"publish","type":"page","link":"https:\/\/pms-pachla.pl\/index.php\/kontakt\/","title":{"rendered":"KONTAKT"},"content":{"rendered":"\n<p>Niepubliczny Zak\u0142ad Opieki Zdrowotnej \u201dPoradnia Medycyny Szkolnej\u201d w Zamo\u015bciu<br>Beata Pachla<br>Adres: 22-400 Zamo\u015b\u0107 ul. Jana Kili\u0144skiego 32<br>Regon: 950448765<br>Email: beatap113@wp.pl<br>eDor\u0119czenia: AE:PL-53588-77791-SSAHD-13<br>Godziny otwarcia biura: 8.00-15.00<br>Godziny pracy gabinet\u00f3w znajduj\u0105 si\u0119 na stronach internetowych szk\u00f3\u0142.<\/p>\n","protected":false},"excerpt":{"rendered":"<p>Niepubliczny Zak\u0142ad Opieki Zdrowotnej \u201dPoradnia Medycyny Szkolnej\u201d w Zamo\u015bciuBeata PachlaAdres: 22-400 Zamo\u015b\u0107 ul. Jana Kili\u0144skiego 32Regon: 950448765Email: beatap113@wp.pleDor\u0119czenia: AE:PL-53588-77791-SSAHD-13Godziny otwarcia biura: 8.00-15.00Godziny pracy gabinet\u00f3w znajduj\u0105 si\u0119 na stronach internetowych szk\u00f3\u0142.<\/p>\n","protected":false},"author":1,"featured_media":0,"parent":0,"menu_order":0,"comment_status":"closed","ping_status":"closed","template":"","meta":{"footnotes":""},"class_list":["post-15","page","type-page","status-publish","hentry"],"_links":{"self":[{"href":"https:\/\/pms-pachla.pl\/index.php\/wp-json\/wp\/v2\/pages\/15","targetHints":{"allow":["GET"]}}],"collection":[{"href":"https:\/\/pms-pachla.pl\/index.php\/wp-json\/wp\/v2\/pages"}],"about":[{"href":"https:\/\/pms-pachla.pl\/index.php\/wp-json\/wp\/v2\/types\/page"}],"author":[{"embeddable":true,"href":"https:\/\/pms-pachla.pl\/index.php\/wp-json\/wp\/v2\/users\/1"}],"replies":[{"embeddable":true,"href":"https:\/\/pms-pachla.pl\/index.php\/wp-json\/wp\/v2\/comments?post=15"}],"version-history":[{"count":3,"href":"https:\/\/pms-pachla.pl\/index.php\/wp-json\/wp\/v2\/pages\/15\/revisions"}],"predecessor-version":[{"id":63,"href":"https:\/\/pms-pachla.pl\/index.php\/wp-json\/wp\/v2\/pages\/15\/revisions\/63"}],"wp:attachment":[{"href":"https:\/\/pms-pachla.pl\/index.php\/wp-json\/wp\/v2\/media?parent=15"}],"curies":[{"name":"wp","href":"https:\/\/api.w.org\/{rel}","templated":true}]}}